{"id":265,"date":"2026-02-09T15:54:59","date_gmt":"2026-02-09T15:54:59","guid":{"rendered":"https:\/\/sidoniescharfestiftung.de\/?page_id=265"},"modified":"2026-02-14T19:43:26","modified_gmt":"2026-02-14T19:43:26","slug":"impressum","status":"publish","type":"page","link":"https:\/\/sidoniescharfestiftung.de\/?page_id=265","title":{"rendered":"Impressum"},"content":{"rendered":"<h4>Sidonie-Scharfe-Stiftung<\/h4>\n<p><strong>Rechtsform:<\/strong><\/p>\n<p>Gemeinn\u00fctzige Stiftung privaten Rechts<\/p>\n<p><strong>Anschrift:<\/strong><\/p>\n<p>Sidonie-Scharfe-Stiftung<br \/>\nScharfestra\u00dfe 4<br \/>\n14169 Berlin<\/p>\n<p><strong>Kontaktdaten:<\/strong><\/p>\n<p>Telefon: (0049) 030 \/ 8015635<br \/>\nFax: (0049) 030 \/ 80589403<br \/>\nE-Mail: sidonie-scharfe-stiftung@gmx.de<br \/>\nInternet: www.sidoniescharfestiftung.de<\/p>\n<p><strong>Vertretungsberechtigte Personen:<\/strong><\/p>\n<p>Herr RA. Hans-Joachim Rose (1. Vorsitzender)<br \/>\nFrau Dr. Ulrike M\u00fcller-Hofstede (2. Vorsitzende)<br \/>\nHerr Rainer Bonowsky (Schatzmeister)<\/p>\n<p><strong>Inhaltlich Verantwortliche gem\u00e4\u00df \u00a7 10 (3) MDStV:<\/strong><\/p>\n<p>Herr RA. Hans-Joachim Rose, Frau Dr. Ulrike M\u00fcller-Hofstede, Herr Rainer Bonowsky<\/p>\n<p><strong>Layout, Design und Programmierung:<\/strong><\/p>\n<p>NetGentry WebDesign und Development<\/p>\n<p>Das CSS-Layout basiert teilweise auf WordPress, GeneratePress.<\/p>\n<p><strong>Haftungsausschluss:<\/strong><\/p>\n<p>Die auf diesen Seiten dargestellten Informationen wurden gewissenhaft auf deren Aktualit\u00e4t und Richtigkeit hin \u00fcberpr\u00fcft. Eine Garantie hierf\u00fcr kann dennoch nicht \u00fcbernommen werden. Eine Haftung der Sidonie-Scharfe-Stiftung f\u00fcr Vollst\u00e4ndigkeit, Aktualit\u00e4t und Richtigkeit der gemachten Angaben wird somit ausgeschlossen. F\u00fcr die Inhalte der <strong>extern verlinkten Seiten sind ausschlie\u00dflich deren Betreiber verantwortlich.<\/strong><\/p>\n<p><strong>Datenschutz:<\/strong><\/p>\n<p>S\u00e4mtliche auf diesen Seiten erhobenen oder uns zur Verf\u00fcgung gestellten pers\u00f6nlichen Daten werden streng vertraulich behandelt und nicht an Dritte weitergegeben.<\/p>\n<p><strong>Urheberrecht:<\/strong><\/p>\n<p>Alle Inhalte dieser Website unterliegen &#8211; soweit nicht anders angegeben &#8211; dem Copyright der Sidonie-Scharfe-Stiftung und sind urheberrechtlich gesch\u00fctzt.<\/p>\n","protected":false},"excerpt":{"rendered":"<p>Sidonie-Scharfe-Stiftung Rechtsform: Gemeinn\u00fctzige Stiftung privaten Rechts Anschrift: Sidonie-Scharfe-Stiftung Scharfestra\u00dfe 4 14169 Berlin Kontaktdaten: Telefon: (0049) 030 \/ 8015635 Fax: (0049) 030 \/ 80589403 E-Mail: sidonie-scharfe-stiftung@gmx.de Internet: www.sidoniescharfestiftung.de Vertretungsberechtigte Personen: Herr RA. Hans-Joachim Rose (1. Vorsitzender) Frau Dr. Ulrike M\u00fcller-Hofstede (2. Vorsitzende) Herr Rainer Bonowsky (Schatzmeister) Inhaltlich Verantwortliche gem\u00e4\u00df \u00a7 10 (3) MDStV: Herr RA. Hans-Joachim &#8230; <a title=\"Impressum\" class=\"read-more\" href=\"https:\/\/sidoniescharfestiftung.de\/?page_id=265\" aria-label=\"Mehr Informationen \u00fcber Impressum\">Weiterlesen<\/a><\/p>\n","protected":false},"author":1,"featured_media":0,"parent":0,"menu_order":0,"comment_status":"closed","ping_status":"closed","template":"","meta":{"footnotes":""},"class_list":["post-265","page","type-page","status-publish"],"_links":{"self":[{"href":"https:\/\/sidoniescharfestiftung.de\/index.php?rest_route=\/wp\/v2\/pages\/265","targetHints":{"allow":["GET"]}}],"collection":[{"href":"https:\/\/sidoniescharfestiftung.de\/index.php?rest_route=\/wp\/v2\/pages"}],"about":[{"href":"https:\/\/sidoniescharfestiftung.de\/index.php?rest_route=\/wp\/v2\/types\/page"}],"author":[{"embeddable":true,"href":"https:\/\/sidoniescharfestiftung.de\/index.php?rest_route=\/wp\/v2\/users\/1"}],"replies":[{"embeddable":true,"href":"https:\/\/sidoniescharfestiftung.de\/index.php?rest_route=%2Fwp%2Fv2%2Fcomments&post=265"}],"version-history":[{"count":2,"href":"https:\/\/sidoniescharfestiftung.de\/index.php?rest_route=\/wp\/v2\/pages\/265\/revisions"}],"predecessor-version":[{"id":471,"href":"https:\/\/sidoniescharfestiftung.de\/index.php?rest_route=\/wp\/v2\/pages\/265\/revisions\/471"}],"wp:attachment":[{"href":"https:\/\/sidoniescharfestiftung.de\/index.php?rest_route=%2Fwp%2Fv2%2Fmedia&parent=265"}],"curies":[{"name":"wp","href":"https:\/\/api.w.org\/{rel}","templated":true}]}}